{"id":6909,"date":"2024-08-09T09:18:55","date_gmt":"2024-08-09T07:18:55","guid":{"rendered":"https:\/\/www.renuwell.swiss\/mentions-legales\/"},"modified":"2024-09-17T11:07:37","modified_gmt":"2024-09-17T09:07:37","slug":"mentions-legales","status":"publish","type":"page","link":"https:\/\/www.renuwell.swiss\/fr-ch\/mentions-legales\/","title":{"rendered":"Mentions l\u00e9gales"},"content":{"rendered":"\t\t<div data-elementor-type=\"wp-page\" data-elementor-id=\"6909\" class=\"elementor elementor-6909 elementor-3377\" data-elementor-post-type=\"page\">\n\t\t\t\t<div class=\"elementor-element elementor-element-790ad80 e-flex e-con-boxed e-con e-parent\" data-id=\"790ad80\" data-element_type=\"container\">\n\t\t\t\t\t<div class=\"e-con-inner\">\n\t\t<div class=\"elementor-element elementor-element-a26e603 e-con-full e-flex e-con e-child\" data-id=\"a26e603\" data-element_type=\"container\">\n\t\t\t\t<div class=\"elementor-element elementor-element-f94d45b elementor-widget elementor-widget-heading\" data-id=\"f94d45b\" data-element_type=\"widget\" data-widget_type=\"heading.default\">\n\t\t\t\t<div class=\"elementor-widget-container\">\n\t\t\t\t\t<h1 class=\"elementor-heading-title elementor-size-default\">Mentions l\u00e9gales<\/h1>\t\t\t\t<\/div>\n\t\t\t\t<\/div>\n\t\t\t\t<div class=\"elementor-element elementor-element-3c43cd7 elementor-widget-divider--view-line elementor-widget elementor-widget-divider\" data-id=\"3c43cd7\" data-element_type=\"widget\" data-widget_type=\"divider.default\">\n\t\t\t\t<div class=\"elementor-widget-container\">\n\t\t\t\t\t\t\t<div class=\"elementor-divider\">\n\t\t\t<span class=\"elementor-divider-separator\">\n\t\t\t\t\t\t<\/span>\n\t\t<\/div>\n\t\t\t\t\t\t<\/div>\n\t\t\t\t<\/div>\n\t\t\t\t<div class=\"elementor-element elementor-element-b4e05ac elementor-widget elementor-widget-text-editor\" data-id=\"b4e05ac\" data-element_type=\"widget\" data-widget_type=\"text-editor.default\">\n\t\t\t\t<div class=\"elementor-widget-container\">\n\t\t\t\t\t\t\t\t\t<p>Le contenu de ce site web &#8211; www.renuwell.com &#8211; ainsi que les produits propos\u00e9s sont de la responsabilit\u00e9 de l&#8217;entreprise :<\/p>\n<p>Martec Handels AG<br \/>Samstagernstrasse 45<br \/>CH-8832 Wollerau<br \/>T\u00e9l : +41 44 783 95 30<br \/>info@martec.swiss<\/p>\n\t\t\t\t\t\t\t\t<\/div>\n\t\t\t\t<\/div>\n\t\t\t\t<\/div>\n\t\t\t\t\t<\/div>\n\t\t\t\t<\/div>\n\t\t\t\t<\/div>\n\t\t","protected":false},"excerpt":{"rendered":"<p>Mentions l\u00e9gales Le contenu de ce site web &#8211; www.renuwell.com &#8211; ainsi que les produits propos\u00e9s sont de la responsabilit\u00e9 de l&#8217;entreprise : Martec Handels AGSamstagernstrasse 45CH-8832 WollerauT\u00e9l : +41 44 783 95 30info@martec.swiss<\/p>\n","protected":false},"author":2,"featured_media":0,"parent":0,"menu_order":0,"comment_status":"closed","ping_status":"closed","template":"","meta":{"_acf_changed":false,"inline_featured_image":false,"footnotes":""},"class_list":["post-6909","page","type-page","status-publish","hentry"],"acf":[],"_links":{"self":[{"href":"https:\/\/www.renuwell.swiss\/fr-ch\/wp-json\/wp\/v2\/pages\/6909","targetHints":{"allow":["GET"]}}],"collection":[{"href":"https:\/\/www.renuwell.swiss\/fr-ch\/wp-json\/wp\/v2\/pages"}],"about":[{"href":"https:\/\/www.renuwell.swiss\/fr-ch\/wp-json\/wp\/v2\/types\/page"}],"author":[{"embeddable":true,"href":"https:\/\/www.renuwell.swiss\/fr-ch\/wp-json\/wp\/v2\/users\/2"}],"replies":[{"embeddable":true,"href":"https:\/\/www.renuwell.swiss\/fr-ch\/wp-json\/wp\/v2\/comments?post=6909"}],"version-history":[{"count":0,"href":"https:\/\/www.renuwell.swiss\/fr-ch\/wp-json\/wp\/v2\/pages\/6909\/revisions"}],"wp:attachment":[{"href":"https:\/\/www.renuwell.swiss\/fr-ch\/wp-json\/wp\/v2\/media?parent=6909"}],"curies":[{"name":"wp","href":"https:\/\/api.w.org\/{rel}","templated":true}]}}