{"id":6880,"date":"2024-08-05T05:38:29","date_gmt":"2024-08-05T03:38:29","guid":{"rendered":"https:\/\/www.renuwell.swiss\/durabilite\/"},"modified":"2024-10-07T10:09:50","modified_gmt":"2024-10-07T08:09:50","slug":"durabilite","status":"publish","type":"page","link":"https:\/\/www.renuwell.swiss\/fr-ch\/durabilite\/","title":{"rendered":"Durabilit\u00e9"},"content":{"rendered":"\t\t<div data-elementor-type=\"wp-page\" data-elementor-id=\"6880\" class=\"elementor elementor-6880 elementor-1976\" data-elementor-post-type=\"page\">\n\t\t\t\t<div class=\"elementor-element elementor-element-b920a10 e-flex e-con-boxed e-con e-parent\" data-id=\"b920a10\" data-element_type=\"container\">\n\t\t\t\t\t<div class=\"e-con-inner\">\n\t\t<div class=\"elementor-element elementor-element-d356099 e-con-full e-flex e-con e-child\" data-id=\"d356099\" data-element_type=\"container\">\n\t\t\t\t<div class=\"elementor-element elementor-element-f63b849 elementor-widget elementor-widget-heading\" data-id=\"f63b849\" data-element_type=\"widget\" data-widget_type=\"heading.default\">\n\t\t\t\t<div class=\"elementor-widget-container\">\n\t\t\t\t\t<h1 class=\"elementor-heading-title elementor-size-default\">Durabilit\u00e9<\/h1>\t\t\t\t<\/div>\n\t\t\t\t<\/div>\n\t\t\t\t<div class=\"elementor-element elementor-element-901345a elementor-widget elementor-widget-heading\" data-id=\"901345a\" data-element_type=\"widget\" data-widget_type=\"heading.default\">\n\t\t\t\t<div class=\"elementor-widget-container\">\n\t\t\t\t\t<h2 class=\"elementor-heading-title elementor-size-default\">Le d\u00e9veloppement durable est plus qu'un simple slogan pour nous - c'est un principe fondamental qui impr\u00e8gne notre travail et notre engagement pour l'environnement.<\/h2>\t\t\t\t<\/div>\n\t\t\t\t<\/div>\n\t\t\t\t<div class=\"elementor-element elementor-element-fafaa39 elementor-widget elementor-widget-text-editor\" data-id=\"fafaa39\" data-element_type=\"widget\" data-widget_type=\"text-editor.default\">\n\t\t\t\t<div class=\"elementor-widget-container\">\n\t\t\t\t\t\t\t\t\t<p>Nous croyons fermement que la promotion de la long\u00e9vit\u00e9 des produits en bois est une contribution essentielle au d\u00e9veloppement durable. En d\u00e9veloppant des produits de soin de haute qualit\u00e9 qui contribuent \u00e0 prot\u00e9ger et \u00e0 utiliser les produits en bois pendant des ann\u00e9es, nous contribuons activement \u00e0 la conservation des ressources et \u00e0 la r\u00e9duction des d\u00e9chets. <\/p>\n\t\t\t\t\t\t\t\t<\/div>\n\t\t\t\t<\/div>\n\t\t\t\t<\/div>\n\t\t\t\t\t<\/div>\n\t\t\t\t<\/div>\n\t\t<div data-dce-background-image-url=\"https:\/\/www.renuwell.swiss\/wp-content\/uploads\/2024\/08\/Renuwell-Nachhaltigkeit.jpg\" class=\"elementor-element elementor-element-3e95c7df e-flex e-con-boxed e-con e-parent\" data-id=\"3e95c7df\" data-element_type=\"container\" data-settings=\"{&quot;background_background&quot;:&quot;classic&quot;}\">\n\t\t\t\t\t<div class=\"e-con-inner\">\n\t\t\t\t<div data-dce-title-color=\"#FFFFFF\" class=\"elementor-element elementor-element-4a591197 elementor-widget elementor-widget-heading\" data-id=\"4a591197\" data-element_type=\"widget\" data-widget_type=\"heading.default\">\n\t\t\t\t<div class=\"elementor-widget-container\">\n\t\t\t\t\t<h2 class=\"elementor-heading-title elementor-size-default\">Nous prenons nos responsabilit\u00e9s<\/h2>\t\t\t\t<\/div>\n\t\t\t\t<\/div>\n\t\t\t\t<div class=\"elementor-element elementor-element-1006d5fe elementor-widget elementor-widget-heading\" data-id=\"1006d5fe\" data-element_type=\"widget\" data-widget_type=\"heading.default\">\n\t\t\t\t<div class=\"elementor-widget-container\">\n\t\t\t\t\t<p class=\"elementor-heading-title elementor-size-default\">Les arbres sont essentiels \u00e0 l'\u00e9quilibre de notre \u00e9cosyst\u00e8me.\nIls produisent de l'oxyg\u00e8ne, stockent du carbone, offrent un habitat aux animaux et contribuent \u00e0 la r\u00e9gulation du cycle de l'eau.\nNous consid\u00e9rons qu'il est de notre responsabilit\u00e9 de contribuer \u00e0 leur protection.    <\/p>\t\t\t\t<\/div>\n\t\t\t\t<\/div>\n\t\t\t\t\t<\/div>\n\t\t\t\t<\/div>\n\t\t<div class=\"elementor-element elementor-element-5efc87f e-flex e-con-boxed e-con e-parent\" data-id=\"5efc87f\" data-element_type=\"container\">\n\t\t\t\t\t<div class=\"e-con-inner\">\n\t\t\t\t<div class=\"elementor-element elementor-element-18c6885 elementor-widget elementor-widget-heading\" data-id=\"18c6885\" data-element_type=\"widget\" data-widget_type=\"heading.default\">\n\t\t\t\t<div class=\"elementor-widget-container\">\n\t\t\t\t\t<h1 class=\"elementor-heading-title elementor-size-default\">Un arbre plant\u00e9<\/h1>\t\t\t\t<\/div>\n\t\t\t\t<\/div>\n\t\t\t\t<div class=\"elementor-element elementor-element-494bb09 elementor-widget elementor-widget-heading\" data-id=\"494bb09\" data-element_type=\"widget\" data-widget_type=\"heading.default\">\n\t\t\t\t<div class=\"elementor-widget-container\">\n\t\t\t\t\t<h2 class=\"elementor-heading-title elementor-size-default\">Un \u00e9l\u00e9ment cl\u00e9 de nos efforts en mati\u00e8re de d\u00e9veloppement durable est notre partenariat avec l'organisation \"One Tree Planted\".<\/h2>\t\t\t\t<\/div>\n\t\t\t\t<\/div>\n\t\t\t\t<div class=\"elementor-element elementor-element-287e97f elementor-widget elementor-widget-text-editor\" data-id=\"287e97f\" data-element_type=\"widget\" data-widget_type=\"text-editor.default\">\n\t\t\t\t<div class=\"elementor-widget-container\">\n\t\t\t\t\t\t\t\t\t<p>Dans le cadre de cette collaboration, nous investissons dans des projets de reforestation dans le monde entier.<br \/>\nOne Tree Planted est une organisation \u00e0 but non lucratif dont l&#8217;objectif est de prot\u00e9ger, restaurer et entretenir les for\u00eats.<br \/>\nIls le font en plantant des arbres afin de restaurer les \u00e9cosyst\u00e8mes d\u00e9grad\u00e9s, de promouvoir la biodiversit\u00e9 et de lutter contre le changement climatique.  <\/p>\n\t\t\t\t\t\t\t\t<\/div>\n\t\t\t\t<\/div>\n\t\t\t\t<div class=\"elementor-element elementor-element-0d99b93 dce_masking-none elementor-widget elementor-widget-image\" data-id=\"0d99b93\" data-element_type=\"widget\" data-widget_type=\"image.default\">\n\t\t\t\t<div class=\"elementor-widget-container\">\n\t\t\t\t\t\t\t\t\t\t\t\t\t\t\t<img fetchpriority=\"high\" decoding=\"async\" width=\"800\" height=\"202\" src=\"https:\/\/www.renuwell.swiss\/wp-content\/uploads\/2024\/08\/OneTreePlanted_Logo.png\" class=\"attachment-large size-large wp-image-6883\" alt=\"\" srcset=\"https:\/\/www.renuwell.swiss\/wp-content\/uploads\/2024\/08\/OneTreePlanted_Logo.png 828w, https:\/\/www.renuwell.swiss\/wp-content\/uploads\/2024\/08\/OneTreePlanted_Logo-300x76.png 300w, https:\/\/www.renuwell.swiss\/wp-content\/uploads\/2024\/08\/OneTreePlanted_Logo-768x194.png 768w, https:\/\/www.renuwell.swiss\/wp-content\/uploads\/2024\/08\/OneTreePlanted_Logo-600x151.png 600w\" sizes=\"(max-width: 800px) 100vw, 800px\" title=\"\">\t\t\t\t\t\t\t\t\t\t\t\t\t\t\t<\/div>\n\t\t\t\t<\/div>\n\t\t\t\t<div class=\"elementor-element elementor-element-6c86345 elementor-hidden-mobile elementor-widget elementor-widget-button\" data-id=\"6c86345\" data-element_type=\"widget\" data-widget_type=\"button.default\">\n\t\t\t\t<div class=\"elementor-widget-container\">\n\t\t\t\t\t\t\t\t\t<div class=\"elementor-button-wrapper\">\n\t\t\t\t\t<a class=\"elementor-button elementor-button-link elementor-size-sm\" href=\"https:\/\/www.renuwell.swiss\/fr-ch\/revendeurs\/\">\n\t\t\t\t\t\t<span class=\"elementor-button-content-wrapper\">\n\t\t\t\t\t\t\t\t\t<span class=\"elementor-button-text\">Acheter<\/span>\n\t\t\t\t\t<\/span>\n\t\t\t\t\t<\/a>\n\t\t\t\t<\/div>\n\t\t\t\t\t\t\t\t<\/div>\n\t\t\t\t<\/div>\n\t\t\t\t<div class=\"elementor-element elementor-element-6824506 elementor-widget elementor-widget-gallery\" data-id=\"6824506\" data-element_type=\"widget\" data-settings=\"{&quot;gallery_layout&quot;:&quot;justified&quot;,&quot;lazyload&quot;:&quot;yes&quot;,&quot;ideal_row_height&quot;:{&quot;unit&quot;:&quot;px&quot;,&quot;size&quot;:200,&quot;sizes&quot;:[]},&quot;ideal_row_height_tablet&quot;:{&quot;unit&quot;:&quot;px&quot;,&quot;size&quot;:150,&quot;sizes&quot;:[]},&quot;ideal_row_height_mobile&quot;:{&quot;unit&quot;:&quot;px&quot;,&quot;size&quot;:150,&quot;sizes&quot;:[]},&quot;gap&quot;:{&quot;unit&quot;:&quot;px&quot;,&quot;size&quot;:10,&quot;sizes&quot;:[]},&quot;gap_tablet&quot;:{&quot;unit&quot;:&quot;px&quot;,&quot;size&quot;:10,&quot;sizes&quot;:[]},&quot;gap_mobile&quot;:{&quot;unit&quot;:&quot;px&quot;,&quot;size&quot;:10,&quot;sizes&quot;:[]},&quot;link_to&quot;:&quot;file&quot;,&quot;overlay_background&quot;:&quot;yes&quot;,&quot;content_hover_animation&quot;:&quot;fade-in&quot;}\" data-widget_type=\"gallery.default\">\n\t\t\t\t<div class=\"elementor-widget-container\">\n\t\t\t\t\t\t\t<div class=\"elementor-gallery__container\">\n\t\t\t\t\t\t\t<a class=\"e-gallery-item elementor-gallery-item elementor-animated-content\" href=\"https:\/\/www.renuwell.swiss\/wp-content\/uploads\/2024\/08\/OneTreePlanted-3.jpg\" data-elementor-open-lightbox=\"yes\" data-elementor-lightbox-slideshow=\"6824506\" data-elementor-lightbox-title=\"OneTreePlanted-3\" data-e-action-hash=\"#elementor-action%3Aaction%3Dlightbox%26settings%3DeyJpZCI6MjA5NiwidXJsIjoiaHR0cHM6XC9cL3d3dy5yZW51d2VsbC5zd2lzc1wvd3AtY29udGVudFwvdXBsb2Fkc1wvMjAyNFwvMDhcL09uZVRyZWVQbGFudGVkLTMuanBnIiwic2xpZGVzaG93IjoiNjgyNDUwNiJ9\">\n\t\t\t\t\t<div class=\"e-gallery-image elementor-gallery-item__image\" data-thumbnail=\"https:\/\/www.renuwell.swiss\/wp-content\/uploads\/2024\/08\/OneTreePlanted-3-300x200.jpg\" data-width=\"300\" data-height=\"200\" aria-label=\"\" role=\"img\" ><\/div>\n\t\t\t\t\t\t\t\t\t\t\t<div class=\"elementor-gallery-item__overlay\"><\/div>\n\t\t\t\t\t\t\t\t\t\t\t\t\t\t<\/a>\n\t\t\t\t\t\t\t<a class=\"e-gallery-item elementor-gallery-item elementor-animated-content\" href=\"https:\/\/www.renuwell.swiss\/wp-content\/uploads\/2024\/08\/OneTreePlanted-5.jpg\" data-elementor-open-lightbox=\"yes\" data-elementor-lightbox-slideshow=\"6824506\" data-elementor-lightbox-title=\"OneTreePlanted-5\" data-e-action-hash=\"#elementor-action%3Aaction%3Dlightbox%26settings%3DeyJpZCI6MjEwMSwidXJsIjoiaHR0cHM6XC9cL3d3dy5yZW51d2VsbC5zd2lzc1wvd3AtY29udGVudFwvdXBsb2Fkc1wvMjAyNFwvMDhcL09uZVRyZWVQbGFudGVkLTUuanBnIiwic2xpZGVzaG93IjoiNjgyNDUwNiJ9\">\n\t\t\t\t\t<div class=\"e-gallery-image elementor-gallery-item__image\" data-thumbnail=\"https:\/\/www.renuwell.swiss\/wp-content\/uploads\/2024\/08\/OneTreePlanted-5-300x200.jpg\" data-width=\"300\" data-height=\"200\" aria-label=\"\" role=\"img\" ><\/div>\n\t\t\t\t\t\t\t\t\t\t\t<div class=\"elementor-gallery-item__overlay\"><\/div>\n\t\t\t\t\t\t\t\t\t\t\t\t\t\t<\/a>\n\t\t\t\t\t\t\t<a class=\"e-gallery-item elementor-gallery-item elementor-animated-content\" href=\"https:\/\/www.renuwell.swiss\/wp-content\/uploads\/2024\/08\/OneTreePlanted-2.jpg\" data-elementor-open-lightbox=\"yes\" data-elementor-lightbox-slideshow=\"6824506\" data-elementor-lightbox-title=\"OneTreePlanted-2\" data-e-action-hash=\"#elementor-action%3Aaction%3Dlightbox%26settings%3DeyJpZCI6MjA5NCwidXJsIjoiaHR0cHM6XC9cL3d3dy5yZW51d2VsbC5zd2lzc1wvd3AtY29udGVudFwvdXBsb2Fkc1wvMjAyNFwvMDhcL09uZVRyZWVQbGFudGVkLTIuanBnIiwic2xpZGVzaG93IjoiNjgyNDUwNiJ9\">\n\t\t\t\t\t<div class=\"e-gallery-image elementor-gallery-item__image\" data-thumbnail=\"https:\/\/www.renuwell.swiss\/wp-content\/uploads\/2024\/08\/OneTreePlanted-2-300x200.jpg\" data-width=\"300\" data-height=\"200\" aria-label=\"\" role=\"img\" ><\/div>\n\t\t\t\t\t\t\t\t\t\t\t<div class=\"elementor-gallery-item__overlay\"><\/div>\n\t\t\t\t\t\t\t\t\t\t\t\t\t\t<\/a>\n\t\t\t\t\t\t\t<a class=\"e-gallery-item elementor-gallery-item elementor-animated-content\" href=\"https:\/\/www.renuwell.swiss\/wp-content\/uploads\/2024\/08\/OneTreePlanted-4.jpg\" data-elementor-open-lightbox=\"yes\" data-elementor-lightbox-slideshow=\"6824506\" data-elementor-lightbox-title=\"OneTreePlanted-4\" data-e-action-hash=\"#elementor-action%3Aaction%3Dlightbox%26settings%3DeyJpZCI6MjEwMywidXJsIjoiaHR0cHM6XC9cL3d3dy5yZW51d2VsbC5zd2lzc1wvd3AtY29udGVudFwvdXBsb2Fkc1wvMjAyNFwvMDhcL09uZVRyZWVQbGFudGVkLTQuanBnIiwic2xpZGVzaG93IjoiNjgyNDUwNiJ9\">\n\t\t\t\t\t<div class=\"e-gallery-image elementor-gallery-item__image\" data-thumbnail=\"https:\/\/www.renuwell.swiss\/wp-content\/uploads\/2024\/08\/OneTreePlanted-4-300x169.jpg\" data-width=\"300\" data-height=\"169\" aria-label=\"\" role=\"img\" ><\/div>\n\t\t\t\t\t\t\t\t\t\t\t<div class=\"elementor-gallery-item__overlay\"><\/div>\n\t\t\t\t\t\t\t\t\t\t\t\t\t\t<\/a>\n\t\t\t\t\t<\/div>\n\t\t\t\t\t<\/div>\n\t\t\t\t<\/div>\n\t\t\t\t\t<\/div>\n\t\t\t\t<\/div>\n\t\t<div data-dce-background-color=\"#41503B\" data-dce-background-image-url=\"https:\/\/www.renuwell.swiss\/wp-content\/uploads\/2024\/07\/Renuwell-Nachhaltigkeit.jpg\" class=\"elementor-element elementor-element-104f908 e-flex e-con-boxed e-con e-parent\" data-id=\"104f908\" data-element_type=\"container\" data-settings=\"{&quot;background_background&quot;:&quot;classic&quot;}\">\n\t\t\t\t\t<div class=\"e-con-inner\">\n\t\t\t\t<div class=\"elementor-element elementor-element-6d42757 elementor-widget elementor-widget-heading\" data-id=\"6d42757\" data-element_type=\"widget\" data-widget_type=\"heading.default\">\n\t\t\t\t<div class=\"elementor-widget-container\">\n\t\t\t\t\t<h2 class=\"elementor-heading-title elementor-size-default\">En achetant des produits Renuwell, vous contribuez \u00e0 la plantation de nouveaux arbres et \u00e0 la cr\u00e9ation d'une nouvelle vie.<\/h2>\t\t\t\t<\/div>\n\t\t\t\t<\/div>\n\t\t\t\t<div class=\"elementor-element elementor-element-4ed6856 elementor-hidden-mobile elementor-widget elementor-widget-counter\" data-id=\"4ed6856\" data-element_type=\"widget\" data-widget_type=\"counter.default\">\n\t\t\t\t<div class=\"elementor-widget-container\">\n\t\t\t\t\t\t\t<div class=\"elementor-counter\">\n\t\t\t<div class=\"elementor-counter-title\">ont \u00e9t\u00e9 plant\u00e9s par nos soins jusqu'\u00e0 pr\u00e9sent<\/div>\t\t\t<div class=\"elementor-counter-number-wrapper\">\n\t\t\t\t<span class=\"elementor-counter-number-prefix\"><\/span>\n\t\t\t\t<span class=\"elementor-counter-number\" data-duration=\"2000\" data-to-value=\"31054\" data-from-value=\"0\" data-delimiter=\",\">0<\/span>\n\t\t\t\t<span class=\"elementor-counter-number-suffix\">  Arbres<\/span>\n\t\t\t<\/div>\n\t\t<\/div>\n\t\t\t\t\t\t<\/div>\n\t\t\t\t<\/div>\n\t\t\t\t<div class=\"elementor-element elementor-element-ec39ef3 elementor-hidden-desktop elementor-hidden-tablet elementor-widget elementor-widget-counter\" data-id=\"ec39ef3\" data-element_type=\"widget\" data-widget_type=\"counter.default\">\n\t\t\t\t<div class=\"elementor-widget-container\">\n\t\t\t\t\t\t\t<div class=\"elementor-counter\">\n\t\t\t\t\t\t<div class=\"elementor-counter-number-wrapper\">\n\t\t\t\t<span class=\"elementor-counter-number-prefix\"><\/span>\n\t\t\t\t<span class=\"elementor-counter-number\" data-duration=\"2000\" data-to-value=\"31054\" data-from-value=\"0\" data-delimiter=\",\">0<\/span>\n\t\t\t\t<span class=\"elementor-counter-number-suffix\"><\/span>\n\t\t\t<\/div>\n\t\t<\/div>\n\t\t\t\t\t\t<\/div>\n\t\t\t\t<\/div>\n\t\t\t\t<div class=\"elementor-element elementor-element-fa893d0 elementor-hidden-desktop elementor-hidden-tablet elementor-widget elementor-widget-heading\" data-id=\"fa893d0\" data-element_type=\"widget\" data-widget_type=\"heading.default\">\n\t\t\t\t<div class=\"elementor-widget-container\">\n\t\t\t\t\t<h2 class=\"elementor-heading-title elementor-size-default\">Arbres<\/h2>\t\t\t\t<\/div>\n\t\t\t\t<\/div>\n\t\t\t\t<div data-dce-text-color=\"#FFFFFF\" class=\"elementor-element elementor-element-aa8b0c2 elementor-hidden-desktop elementor-hidden-tablet elementor-widget elementor-widget-text-editor\" data-id=\"aa8b0c2\" data-element_type=\"widget\" data-widget_type=\"text-editor.default\">\n\t\t\t\t<div class=\"elementor-widget-container\">\n\t\t\t\t\t\t\t\t\t<p>ont \u00e9t\u00e9 plant\u00e9s par nos soins jusqu&#8217;\u00e0 pr\u00e9sent<\/p>\n\t\t\t\t\t\t\t\t<\/div>\n\t\t\t\t<\/div>\n\t\t<div class=\"elementor-element elementor-element-d584122 e-con-full e-flex e-con e-child\" data-id=\"d584122\" data-element_type=\"container\">\n\t\t<div class=\"elementor-element elementor-element-8b5835d e-con-full e-flex e-con e-child\" data-id=\"8b5835d\" data-element_type=\"container\">\n\t\t\t\t<div class=\"elementor-element elementor-element-51a8757 elementor-widget elementor-widget-text-editor\" data-id=\"51a8757\" data-element_type=\"widget\" data-widget_type=\"text-editor.default\">\n\t\t\t\t<div class=\"elementor-widget-container\">\n\t\t\t\t\t\t\t\t\t<p>Situation en septembre 2023<\/p>\n\t\t\t\t\t\t\t\t<\/div>\n\t\t\t\t<\/div>\n\t\t\t\t<div class=\"elementor-element elementor-element-937f1bf dce_masking-none elementor-widget elementor-widget-image\" data-id=\"937f1bf\" data-element_type=\"widget\" data-widget_type=\"image.default\">\n\t\t\t\t<div class=\"elementor-widget-container\">\n\t\t\t\t\t\t\t\t\t\t\t\t\t\t\t<img decoding=\"async\" width=\"800\" height=\"619\" src=\"https:\/\/www.renuwell.swiss\/wp-content\/uploads\/2024\/08\/Zertifitkat_OTP_Martec-1024x792.jpg\" class=\"attachment-large size-large wp-image-6885\" alt=\"\" srcset=\"https:\/\/www.renuwell.swiss\/wp-content\/uploads\/2024\/08\/Zertifitkat_OTP_Martec-1024x792.jpg 1024w, https:\/\/www.renuwell.swiss\/wp-content\/uploads\/2024\/08\/Zertifitkat_OTP_Martec-300x232.jpg 300w, https:\/\/www.renuwell.swiss\/wp-content\/uploads\/2024\/08\/Zertifitkat_OTP_Martec-768x594.jpg 768w, https:\/\/www.renuwell.swiss\/wp-content\/uploads\/2024\/08\/Zertifitkat_OTP_Martec-600x464.jpg 600w, https:\/\/www.renuwell.swiss\/wp-content\/uploads\/2024\/08\/Zertifitkat_OTP_Martec.jpg 1397w\" sizes=\"(max-width: 800px) 100vw, 800px\" title=\"\">\t\t\t\t\t\t\t\t\t\t\t\t\t\t\t<\/div>\n\t\t\t\t<\/div>\n\t\t\t\t<\/div>\n\t\t<div class=\"elementor-element elementor-element-5c3222a e-con-full e-flex e-con e-child\" data-id=\"5c3222a\" data-element_type=\"container\">\n\t\t\t\t<div class=\"elementor-element elementor-element-1524eae elementor-widget elementor-widget-text-editor\" data-id=\"1524eae\" data-element_type=\"widget\" data-widget_type=\"text-editor.default\">\n\t\t\t\t<div class=\"elementor-widget-container\">\n\t\t\t\t\t\t\t\t\t<p>Situation en septembre 2024<\/p>\n\t\t\t\t\t\t\t\t<\/div>\n\t\t\t\t<\/div>\n\t\t\t\t<div class=\"elementor-element elementor-element-d67d013 dce_masking-none elementor-widget elementor-widget-image\" data-id=\"d67d013\" data-element_type=\"widget\" data-widget_type=\"image.default\">\n\t\t\t\t<div class=\"elementor-widget-container\">\n\t\t\t\t\t\t\t\t\t\t\t\t\t\t\t<img decoding=\"async\" width=\"800\" height=\"619\" src=\"https:\/\/www.renuwell.swiss\/wp-content\/uploads\/2024\/08\/Zertifitkat_OTP_Martec_2024-1024x792.png\" class=\"attachment-large size-large wp-image-6892\" alt=\"\" srcset=\"https:\/\/www.renuwell.swiss\/wp-content\/uploads\/2024\/08\/Zertifitkat_OTP_Martec_2024-1024x792.png 1024w, https:\/\/www.renuwell.swiss\/wp-content\/uploads\/2024\/08\/Zertifitkat_OTP_Martec_2024-300x232.png 300w, https:\/\/www.renuwell.swiss\/wp-content\/uploads\/2024\/08\/Zertifitkat_OTP_Martec_2024-768x594.png 768w, https:\/\/www.renuwell.swiss\/wp-content\/uploads\/2024\/08\/Zertifitkat_OTP_Martec_2024-600x464.png 600w, https:\/\/www.renuwell.swiss\/wp-content\/uploads\/2024\/08\/Zertifitkat_OTP_Martec_2024.png 1397w\" sizes=\"(max-width: 800px) 100vw, 800px\" title=\"\">\t\t\t\t\t\t\t\t\t\t\t\t\t\t\t<\/div>\n\t\t\t\t<\/div>\n\t\t\t\t<\/div>\n\t\t\t\t<\/div>\n\t\t\t\t\t<\/div>\n\t\t\t\t<\/div>\n\t\t<div class=\"elementor-element elementor-element-2e570ef e-flex e-con-boxed e-con e-parent\" data-id=\"2e570ef\" data-element_type=\"container\">\n\t\t\t\t\t<div class=\"e-con-inner\">\n\t\t\t\t<div class=\"elementor-element elementor-element-1ac8f26 elementor-widget elementor-widget-heading\" data-id=\"1ac8f26\" data-element_type=\"widget\" data-widget_type=\"heading.default\">\n\t\t\t\t<div class=\"elementor-widget-container\">\n\t\t\t\t\t<h1 class=\"elementor-heading-title elementor-size-default\">50% de PET recycl\u00e9<\/h1>\t\t\t\t<\/div>\n\t\t\t\t<\/div>\n\t\t\t\t<div class=\"elementor-element elementor-element-bd38051 elementor-widget elementor-widget-heading\" data-id=\"bd38051\" data-element_type=\"widget\" data-widget_type=\"heading.default\">\n\t\t\t\t<div class=\"elementor-widget-container\">\n\t\t\t\t\t<h2 class=\"elementor-heading-title elementor-size-default\">Un pas conscient vers un avenir plus durable.  <\/h2>\t\t\t\t<\/div>\n\t\t\t\t<\/div>\n\t\t\t\t<div class=\"elementor-element elementor-element-2d1f4f1 elementor-widget elementor-widget-text-editor\" data-id=\"2d1f4f1\" data-element_type=\"widget\" data-widget_type=\"text-editor.default\">\n\t\t\t\t<div class=\"elementor-widget-container\">\n\t\t\t\t\t\t\t\t\t<p style=\"font-weight: 400;\">Nos emballages PET sont compos\u00e9s \u00e0 50% de plastique recycl\u00e9.<br \/>\nNous r\u00e9duisons ainsi les d\u00e9chets plastiques et pr\u00e9servons les mati\u00e8res premi\u00e8res, sans faire de compromis sur la qualit\u00e9 du produit. <\/p>\n<p>En collaboration avec nos fournisseurs, nous travaillons en permanence \u00e0 l&#8217;am\u00e9lioration des technologies et des cha\u00eenes d&#8217;approvisionnement afin d&#8217;augmenter encore la part de mat\u00e9riaux recycl\u00e9s \u00e0 l&#8217;avenir.<\/p>\n\t\t\t\t\t\t\t\t<\/div>\n\t\t\t\t<\/div>\n\t\t\t\t<div class=\"elementor-element elementor-element-4acb26f e-transform dce_masking-none elementor-widget elementor-widget-image\" data-id=\"4acb26f\" data-element_type=\"widget\" data-settings=\"{&quot;_transform_rotateZ_effect&quot;:{&quot;unit&quot;:&quot;px&quot;,&quot;size&quot;:20,&quot;sizes&quot;:[]},&quot;_transform_rotateZ_effect_tablet&quot;:{&quot;unit&quot;:&quot;deg&quot;,&quot;size&quot;:&quot;&quot;,&quot;sizes&quot;:[]},&quot;_transform_rotateZ_effect_mobile&quot;:{&quot;unit&quot;:&quot;deg&quot;,&quot;size&quot;:&quot;&quot;,&quot;sizes&quot;:[]}}\" data-widget_type=\"image.default\">\n\t\t\t\t<div class=\"elementor-widget-container\">\n\t\t\t\t\t\t\t\t\t\t\t\t\t\t\t<img loading=\"lazy\" decoding=\"async\" width=\"300\" height=\"300\" src=\"https:\/\/www.renuwell.swiss\/wp-content\/uploads\/2024\/09\/renuwell-recycled-pet-label-300x300.png\" class=\"attachment-medium size-medium wp-image-6894\" alt=\"\" srcset=\"https:\/\/www.renuwell.swiss\/wp-content\/uploads\/2024\/09\/renuwell-recycled-pet-label-300x300.png 300w, https:\/\/www.renuwell.swiss\/wp-content\/uploads\/2024\/09\/renuwell-recycled-pet-label-1024x1024.png 1024w, https:\/\/www.renuwell.swiss\/wp-content\/uploads\/2024\/09\/renuwell-recycled-pet-label-150x150.png 150w, https:\/\/www.renuwell.swiss\/wp-content\/uploads\/2024\/09\/renuwell-recycled-pet-label-768x768.png 768w, https:\/\/www.renuwell.swiss\/wp-content\/uploads\/2024\/09\/renuwell-recycled-pet-label-1536x1536.png 1536w, https:\/\/www.renuwell.swiss\/wp-content\/uploads\/2024\/09\/renuwell-recycled-pet-label-600x600.png 600w, https:\/\/www.renuwell.swiss\/wp-content\/uploads\/2024\/09\/renuwell-recycled-pet-label-100x100.png 100w, https:\/\/www.renuwell.swiss\/wp-content\/uploads\/2024\/09\/renuwell-recycled-pet-label.png 2000w\" sizes=\"(max-width: 300px) 100vw, 300px\" title=\"\">\t\t\t\t\t\t\t\t\t\t\t\t\t\t\t<\/div>\n\t\t\t\t<\/div>\n\t\t\t\t<div class=\"elementor-element elementor-element-5024c1c elementor-hidden-mobile elementor-widget elementor-widget-button\" data-id=\"5024c1c\" data-element_type=\"widget\" data-widget_type=\"button.default\">\n\t\t\t\t<div class=\"elementor-widget-container\">\n\t\t\t\t\t\t\t\t\t<div class=\"elementor-button-wrapper\">\n\t\t\t\t\t<a class=\"elementor-button elementor-button-link elementor-size-sm\" href=\"https:\/\/www.renuwell.swiss\/fr-ch\/revendeurs\/\">\n\t\t\t\t\t\t<span class=\"elementor-button-content-wrapper\">\n\t\t\t\t\t\t\t\t\t<span class=\"elementor-button-text\">Acheter<\/span>\n\t\t\t\t\t<\/span>\n\t\t\t\t\t<\/a>\n\t\t\t\t<\/div>\n\t\t\t\t\t\t\t\t<\/div>\n\t\t\t\t<\/div>\n\t\t\t\t\t<\/div>\n\t\t\t\t<\/div>\n\t\t\t\t<\/div>\n\t\t","protected":false},"excerpt":{"rendered":"<p>Durabilit\u00e9 Le d\u00e9veloppement durable est plus qu&#8217;un simple slogan pour nous &#8211; c&#8217;est un principe fondamental qui impr\u00e8gne notre travail et notre engagement pour l&#8217;environnement. Nous croyons fermement que la promotion de la long\u00e9vit\u00e9 des produits en bois est une contribution essentielle au d\u00e9veloppement durable. En d\u00e9veloppant des produits de soin de haute qualit\u00e9 qui [&hellip;]<\/p>\n","protected":false},"author":2,"featured_media":0,"parent":0,"menu_order":0,"comment_status":"closed","ping_status":"closed","template":"","meta":{"_acf_changed":false,"inline_featured_image":false,"footnotes":""},"class_list":["post-6880","page","type-page","status-publish","hentry"],"acf":[],"_links":{"self":[{"href":"https:\/\/www.renuwell.swiss\/fr-ch\/wp-json\/wp\/v2\/pages\/6880","targetHints":{"allow":["GET"]}}],"collection":[{"href":"https:\/\/www.renuwell.swiss\/fr-ch\/wp-json\/wp\/v2\/pages"}],"about":[{"href":"https:\/\/www.renuwell.swiss\/fr-ch\/wp-json\/wp\/v2\/types\/page"}],"author":[{"embeddable":true,"href":"https:\/\/www.renuwell.swiss\/fr-ch\/wp-json\/wp\/v2\/users\/2"}],"replies":[{"embeddable":true,"href":"https:\/\/www.renuwell.swiss\/fr-ch\/wp-json\/wp\/v2\/comments?post=6880"}],"version-history":[{"count":0,"href":"https:\/\/www.renuwell.swiss\/fr-ch\/wp-json\/wp\/v2\/pages\/6880\/revisions"}],"wp:attachment":[{"href":"https:\/\/www.renuwell.swiss\/fr-ch\/wp-json\/wp\/v2\/media?parent=6880"}],"curies":[{"name":"wp","href":"https:\/\/api.w.org\/{rel}","templated":true}]}}